{"id":757,"date":"2016-03-02T15:31:38","date_gmt":"2016-03-02T15:31:38","guid":{"rendered":"http:\/\/agroturystykastru\u017cka.pl\/?page_id=757"},"modified":"2025-04-08T20:48:50","modified_gmt":"2025-04-08T20:48:50","slug":"miejsca-warte","status":"publish","type":"page","link":"http:\/\/xn--agroturystykastruka-ree.pl\/?page_id=757","title":{"rendered":"Miejsca warte obejrzenia"},"content":{"rendered":"<p>Miejsca warte zobaczenia.<br \/>\nLubuskie Muzeum Wojskowe w Drzonowie ko\u0142o Zielonej G\u00f3ry z wieloma ciekawymi eksponatami.<\/p>\n<p><a href=\"http:\/\/www.muzeum.drzonow.eu\">http:\/\/www.muzeum.drzonow.eu<\/a><\/p>\n<p>Muzeum Archeologiczne \u015arodkowego Nadodrza w \u015awidnicy k\/Zielonej G\u00f3ry.<br \/>\nMuzeum Etnograficzne w Ochli w, kt\u00f3rym znajduje si\u0119 blisko 60 zabytkowych budowli w tym najstarszy w Polsce drewniany budynek mieszkalny z ko\u0144ca XVII w.<\/p>\n<p>&nbsp;<\/p>\n<p>W pobliskich Bobrowicach znajduje si\u0119 ko\u015bci\u00f3\u0142 Podwy\u017cszenia Krzy\u017ca \u015awi\u0119tego z roku 1856.<\/p>\n<p>&nbsp;<\/p>\n<p>W Janiszowicach 500 m od nas jest osiemnastowieczny kamienny jednonawowy ko\u015bci\u00f3\u0142 z kwadratow\u0105 wie\u017c\u0105.<\/p>\n<p>&nbsp;<\/p>\n<p>W Gubinie mo\u017cna zobaczy\u0107 ratusz , okaza\u0142e ruiny ko\u015bcio\u0142a Farnego, fortyfikacje i inne.<br \/>\nKrosno Odrza\u0144skie to przede wszystkim Zamek Piastowski , ko\u015bci\u00f3\u0142 pw. \u015aw. Jadwigi \u015al\u0105skiej ,kamieniczki i mury obronne.<\/p>\n<p>&nbsp;<\/p>\n<p>W okolicach \u0141\u0119knicy znajduje si\u0119 przepi\u0119kny Park Mu\u017cakowski uznany przez UNESCO za dobro \u015awiatowego Dziedzictwa.<\/p>\n<p>[su_gmap address=&#8221;Park Mu\u017cakowski &#8222;]<\/p>\n","protected":false},"excerpt":{"rendered":"<p>Miejsca warte zobaczenia. Lubuskie Muzeum Wojskowe w Drzonowie ko\u0142o Zielonej G\u00f3ry z wieloma ciekawymi eksponatami. http:\/\/www.muzeum.drzonow.eu Muzeum Archeologiczne \u015arodkowego Nadodrza w \u015awidnicy k\/Zielonej G\u00f3ry. Muzeum Etnograficzne w Ochli w, kt\u00f3rym znajduje si\u0119 blisko 60 zabytkowych budowli w tym najstarszy w Polsce drewniany budynek mieszkalny z ko\u0144ca XVII w. &nbsp; W pobliskich Bobrowicach znajduje si\u0119 ko\u015bci\u00f3\u0142 [&hellip;]<\/p>\n","protected":false},"author":1,"featured_media":0,"parent":0,"menu_order":5,"comment_status":"closed","ping_status":"closed","template":"","meta":{"footnotes":""},"class_list":["post-757","page","type-page","status-publish","hentry"],"_links":{"self":[{"href":"http:\/\/xn--agroturystykastruka-ree.pl\/index.php?rest_route=\/wp\/v2\/pages\/757","targetHints":{"allow":["GET"]}}],"collection":[{"href":"http:\/\/xn--agroturystykastruka-ree.pl\/index.php?rest_route=\/wp\/v2\/pages"}],"about":[{"href":"http:\/\/xn--agroturystykastruka-ree.pl\/index.php?rest_route=\/wp\/v2\/types\/page"}],"author":[{"embeddable":true,"href":"http:\/\/xn--agroturystykastruka-ree.pl\/index.php?rest_route=\/wp\/v2\/users\/1"}],"replies":[{"embeddable":true,"href":"http:\/\/xn--agroturystykastruka-ree.pl\/index.php?rest_route=%2Fwp%2Fv2%2Fcomments&post=757"}],"version-history":[{"count":4,"href":"http:\/\/xn--agroturystykastruka-ree.pl\/index.php?rest_route=\/wp\/v2\/pages\/757\/revisions"}],"predecessor-version":[{"id":762,"href":"http:\/\/xn--agroturystykastruka-ree.pl\/index.php?rest_route=\/wp\/v2\/pages\/757\/revisions\/762"}],"wp:attachment":[{"href":"http:\/\/xn--agroturystykastruka-ree.pl\/index.php?rest_route=%2Fwp%2Fv2%2Fmedia&parent=757"}],"curies":[{"name":"wp","href":"https:\/\/api.w.org\/{rel}","templated":true}]}}