{"id":722,"date":"2015-11-23T21:19:42","date_gmt":"2015-11-23T21:19:42","guid":{"rendered":"http:\/\/agroturystykastru\u017cka.pl\/?page_id=722"},"modified":"2025-04-08T20:48:49","modified_gmt":"2025-04-08T20:48:49","slug":"pokoje","status":"publish","type":"page","link":"http:\/\/xn--agroturystykastruka-ree.pl\/?page_id=722","title":{"rendered":"Pokoje"},"content":{"rendered":"<p>&nbsp;<\/p>\n<p>&nbsp;<\/p>\n<p>Witamy,<\/p>\n<p>Mamy do zaoferowania dla pa\u0144stwa 5 pokoi o wysokim standardzie jak na agroturystyk\u0119, budynek zosta\u0142 odnowiony ca\u0142kowicie \u00a0w 2015 roku, w okolicy nie ma takich pokoi o takim standardzie\u00a0i w takiej cenie &#8211; co wyr\u00f3\u017cnia nas spo\u015br\u00f3d wszystkich <strong><a style=\"color: #000000;\" href=\"https:\/\/meteor-turystyka.pl\/noclegi,krosno-odrzanskie,0.html\">nocleg\u00f3w w regionie Krosna Odrza\u0144skiego<\/a><\/strong>.<\/p>\n<p>Ka\u017cdy pok\u00f3j posiada w\u0142asn\u0105 \u0142azienk\u0119, \u00a0szaf\u0119 i \u00a0szafk\u0119 nocn\u0105 z lampk\u0105.<\/p>\n<p>Jeden z pokoi jest specjalistycznie przygotowany do dyspozycji os\u00f3b niepe\u0142nosprawnych znajduje si\u0119 na parterze i posiada \u0142azienk\u0119 widoczn\u0105 na zdj\u0119ciach .<\/p>\n<p>Do dyspozycji s\u0105 3 pokoje 4 osobowe jeden pok\u00f3j 3 osobowy i 1 pok\u00f3j 2 osobowy.<\/p>\n<p>Jest mo\u017cliwo\u015b\u0107 zam\u00f3wienia posi\u0142k\u00f3w oraz korzystanie z czajnika kt\u00f3ry znajduje si\u0119 na korytarzu.<\/p>\n<p>Mamy nadzieje \u017ce spodobaj\u0105 si\u0119 nasze pokoje i b\u0119d\u0105 pa\u0144stwo szcz\u0119\u015bliwi korzystaj\u0105c z urok\u00f3w wypoczynku na wsi po\u0142\u0105czonych z wysokim standardem naszej agroturystyki.<\/p>\n","protected":false},"excerpt":{"rendered":"<p>&nbsp; &nbsp; Witamy, Mamy do zaoferowania dla pa\u0144stwa 5 pokoi o wysokim standardzie jak na agroturystyk\u0119, budynek zosta\u0142 odnowiony ca\u0142kowicie \u00a0w 2015 roku, w okolicy nie ma takich pokoi o takim standardzie\u00a0i w takiej cenie &#8211; co wyr\u00f3\u017cnia nas spo\u015br\u00f3d wszystkich nocleg\u00f3w w regionie Krosna Odrza\u0144skiego. Ka\u017cdy pok\u00f3j posiada w\u0142asn\u0105 \u0142azienk\u0119, \u00a0szaf\u0119 i \u00a0szafk\u0119 nocn\u0105 [&hellip;]<\/p>\n","protected":false},"author":1,"featured_media":0,"parent":0,"menu_order":0,"comment_status":"closed","ping_status":"closed","template":"","meta":{"footnotes":""},"class_list":["post-722","page","type-page","status-publish","hentry"],"_links":{"self":[{"href":"http:\/\/xn--agroturystykastruka-ree.pl\/index.php?rest_route=\/wp\/v2\/pages\/722","targetHints":{"allow":["GET"]}}],"collection":[{"href":"http:\/\/xn--agroturystykastruka-ree.pl\/index.php?rest_route=\/wp\/v2\/pages"}],"about":[{"href":"http:\/\/xn--agroturystykastruka-ree.pl\/index.php?rest_route=\/wp\/v2\/types\/page"}],"author":[{"embeddable":true,"href":"http:\/\/xn--agroturystykastruka-ree.pl\/index.php?rest_route=\/wp\/v2\/users\/1"}],"replies":[{"embeddable":true,"href":"http:\/\/xn--agroturystykastruka-ree.pl\/index.php?rest_route=%2Fwp%2Fv2%2Fcomments&post=722"}],"version-history":[{"count":12,"href":"http:\/\/xn--agroturystykastruka-ree.pl\/index.php?rest_route=\/wp\/v2\/pages\/722\/revisions"}],"predecessor-version":[{"id":1029,"href":"http:\/\/xn--agroturystykastruka-ree.pl\/index.php?rest_route=\/wp\/v2\/pages\/722\/revisions\/1029"}],"wp:attachment":[{"href":"http:\/\/xn--agroturystykastruka-ree.pl\/index.php?rest_route=%2Fwp%2Fv2%2Fmedia&parent=722"}],"curies":[{"name":"wp","href":"https:\/\/api.w.org\/{rel}","templated":true}]}}