{"id":56,"date":"2015-10-22T16:38:27","date_gmt":"2015-10-22T16:38:27","guid":{"rendered":"http:\/\/serwer1647956.home.pl\/kckjc\/?page_id=56"},"modified":"2025-04-09T07:16:26","modified_gmt":"2025-04-09T07:16:26","slug":"glowna","status":"publish","type":"page","link":"http:\/\/xn--agroturystykastruka-ree.pl\/","title":{"rendered":"G\u0142\u00f3wna"},"content":{"rendered":"\n<figure class=\"wp-block-image size-large\"><a href=\"http:\/\/xn--agroturystykastruka-ree.pl\/wp-content\/uploads\/2025\/04\/20200715_221152-scaled-e1744141936116.jpg\"><img loading=\"lazy\" decoding=\"async\" width=\"1200\" height=\"1200\" src=\"http:\/\/xn--agroturystykastruka-ree.pl\/wp-content\/uploads\/2025\/04\/20200715_221152-scaled-e1744141936116-1200x1200.jpg\" alt=\"\" class=\"wp-image-1051\" srcset=\"http:\/\/xn--agroturystykastruka-ree.pl\/wp-content\/uploads\/2025\/04\/20200715_221152-scaled-e1744141936116-1200x1200.jpg 1200w, http:\/\/xn--agroturystykastruka-ree.pl\/wp-content\/uploads\/2025\/04\/20200715_221152-scaled-e1744141936116-744x744.jpg 744w, http:\/\/xn--agroturystykastruka-ree.pl\/wp-content\/uploads\/2025\/04\/20200715_221152-scaled-e1744141936116-420x420.jpg 420w, http:\/\/xn--agroturystykastruka-ree.pl\/wp-content\/uploads\/2025\/04\/20200715_221152-scaled-e1744141936116-768x768.jpg 768w, http:\/\/xn--agroturystykastruka-ree.pl\/wp-content\/uploads\/2025\/04\/20200715_221152-scaled-e1744141936116-1536x1536.jpg 1536w, http:\/\/xn--agroturystykastruka-ree.pl\/wp-content\/uploads\/2025\/04\/20200715_221152-scaled-e1744141936116-600x600.jpg 600w, http:\/\/xn--agroturystykastruka-ree.pl\/wp-content\/uploads\/2025\/04\/20200715_221152-scaled-e1744141936116.jpg 1907w\" sizes=\"auto, (max-width: 1200px) 100vw, 1200px\" \/><\/a><\/figure>\n\n\n\n<p>Szukasz miejsca, gdzie odpoczniesz od zgie\u0142ku miasta, zrelaksujesz si\u0119 w ciszy i spokoju, a jednocze\u015bnie poczujesz blisko\u015b\u0107 natury? Gospodarstwo agroturystyczne Stru\u017cka, po\u0142o\u017cone w malowniczej gminie Bobrowice, powiat kro\u015bnie\u0144ski, w wojew\u00f3dztwie lubuskim, to idealne miejsce na wypoczynek.<\/p>\n\n\n\n<p>Nasze gospodarstwo to przestrze\u0144, w kt\u00f3rej mo\u017cesz na chwil\u0119 zapomnie\u0107 o codziennym po\u015bpiechu. Oferujemy noclegi w spokojnej i urokliwej okolicy, gdzie czas p\u0142ynie wolniej, a codzienne troski zostaj\u0105 za drzwiami. Agroturystyka Stru\u017cka to nie tylko wygodne pokoje, ale i mo\u017cliwo\u015b\u0107 do\u015bwiadczenia prawdziwego \u017cycia na wsi.<\/p>\n\n\n\n<p>Cisza, spok\u00f3j i kontakt z natur\u0105<\/p>\n\n\n\n<p>Z dala od miejskiego ha\u0142asu, w otoczeniu zieleni i pi\u0119knych krajobraz\u00f3w, mo\u017cesz sp\u0119dzi\u0107 czas na \u015bwie\u017cym powietrzu. Nasze gospodarstwo to idealne miejsce dla tych, kt\u00f3rzy marz\u0105 o chwili wytchnienia w obj\u0119ciach natury. Wypoczynek na wsi u rolnika to wyj\u0105tkowa okazja, by na w\u0142asne oczy zobaczy\u0107, jak wygl\u0105da \u017cycie na farmie.<\/p>\n\n\n\n<p>Kozy i kozie sery \u2013 smak natury<\/p>\n\n\n\n<p>W naszym gospodarstwie hodujemy kozy, kt\u00f3re s\u0105 nie tylko atrakcj\u0105 dla naszych go\u015bci, ale r\u00f3wnie\u017c \u017ar\u00f3d\u0142em pysznych kozich ser\u00f3w. Zapraszamy do spr\u00f3bowania naturalnych, r\u0119cznie wytwarzanych ser\u00f3w, kt\u00f3re stanowi\u0105 prawdziw\u0105 ozdob\u0119 naszej kuchni. To prawdziwy rarytas, kt\u00f3ry z pewno\u015bci\u0105 przypadnie do gustu ka\u017cdemu smakoszowi.<\/p>\n\n\n\n<p>Dobra domowa kuchnia<\/p>\n\n\n\n<p>Po dniu pe\u0142nym atrakcji i odpoczynku, zapraszamy do spr\u00f3bowania domowej kuchni, kt\u00f3ra powsta\u0142a z pasji do tradycyjnych, wiejskich potraw. Nasze dania przygotowywane s\u0105 z produkt\u00f3w pochodz\u0105cych z w\u0142asnego gospodarstwa oraz okolicznych, lokalnych \u017ar\u00f3de\u0142. Dobra domowa kuchnia to nasza specjalno\u015b\u0107 \u2013 smaki, kt\u00f3re przenios\u0105 Ci\u0119 w przesz\u0142o\u015b\u0107, do wspomnie\u0144 z rodzinnych stron.<\/p>\n\n\n\n<p>Wypoczynek na wsi w wojew\u00f3dztwie Lubuskim<\/p>\n\n\n\n<p>Agroturystyka Stru\u017cka to nie tylko miejsce na noclegi, ale tak\u017ce przestrze\u0144, w kt\u00f3rej mo\u017cesz na\u0142adowa\u0107 baterie, odpocz\u0105\u0107 od zgie\u0142ku codzienno\u015bci i cieszy\u0107 si\u0119 chwil\u0105 sp\u0119dzon\u0105 w zgodzie z natur\u0105. Nasze gospodarstwo to idealna baza wypadowa do zwiedzania pi\u0119knych zak\u0105tk\u00f3w wojew\u00f3dztwa lubuskiego.<\/p>\n\n\n\n<p>Zapraszamy do Stru\u017cki!<\/p>\n\n\n\n<p>Niezale\u017cnie od tego, czy szukasz ciszy i spokoju, czy chcesz sp\u0119dzi\u0107 czas z rodzin\u0105, czy po prostu odpocz\u0105\u0107 na wsi \u2013 nasze gospodarstwo agroturystyczne w Stru\u017cce jest miejscem, kt\u00f3re spe\u0142ni Twoje oczekiwania. Czekamy na Ciebie, gotowi zapewni\u0107 niezapomniany wypoczynek, pe\u0142en kontaktu z natur\u0105, domowego jedzenia i prawdziwej go\u015bcinno\u015bci.<\/p>\n\n\n\n<p>Zarezerwuj noclegi w Lubuskiem i przekonaj si\u0119, jak wyj\u0105tkowe mo\u017ce by\u0107 \u017cycie na wsi!<\/p>\n","protected":false},"excerpt":{"rendered":"<p>Szukasz miejsca, gdzie odpoczniesz od zgie\u0142ku miasta, zrelaksujesz si\u0119 w ciszy i spokoju, a jednocze\u015bnie poczujesz blisko\u015b\u0107 natury? Gospodarstwo agroturystyczne Stru\u017cka, po\u0142o\u017cone w malowniczej gminie Bobrowice, powiat kro\u015bnie\u0144ski, w wojew\u00f3dztwie lubuskim, to idealne miejsce na wypoczynek. Nasze gospodarstwo to przestrze\u0144, w kt\u00f3rej mo\u017cesz na chwil\u0119 zapomnie\u0107 o codziennym po\u015bpiechu. Oferujemy noclegi w spokojnej i urokliwej [&hellip;]<\/p>\n","protected":false},"author":1,"featured_media":0,"parent":0,"menu_order":3,"comment_status":"closed","ping_status":"closed","template":"","meta":{"footnotes":""},"class_list":["post-56","page","type-page","status-publish","hentry"],"_links":{"self":[{"href":"http:\/\/xn--agroturystykastruka-ree.pl\/index.php?rest_route=\/wp\/v2\/pages\/56","targetHints":{"allow":["GET"]}}],"collection":[{"href":"http:\/\/xn--agroturystykastruka-ree.pl\/index.php?rest_route=\/wp\/v2\/pages"}],"about":[{"href":"http:\/\/xn--agroturystykastruka-ree.pl\/index.php?rest_route=\/wp\/v2\/types\/page"}],"author":[{"embeddable":true,"href":"http:\/\/xn--agroturystykastruka-ree.pl\/index.php?rest_route=\/wp\/v2\/users\/1"}],"replies":[{"embeddable":true,"href":"http:\/\/xn--agroturystykastruka-ree.pl\/index.php?rest_route=%2Fwp%2Fv2%2Fcomments&post=56"}],"version-history":[{"count":47,"href":"http:\/\/xn--agroturystykastruka-ree.pl\/index.php?rest_route=\/wp\/v2\/pages\/56\/revisions"}],"predecessor-version":[{"id":1071,"href":"http:\/\/xn--agroturystykastruka-ree.pl\/index.php?rest_route=\/wp\/v2\/pages\/56\/revisions\/1071"}],"wp:attachment":[{"href":"http:\/\/xn--agroturystykastruka-ree.pl\/index.php?rest_route=%2Fwp%2Fv2%2Fmedia&parent=56"}],"curies":[{"name":"wp","href":"https:\/\/api.w.org\/{rel}","templated":true}]}}